{"id":1086933,"date":"2024-02-01T16:11:31","date_gmt":"2024-02-01T15:11:31","guid":{"rendered":"https:\/\/biocoach.health\/imprint\/"},"modified":"2024-05-29T09:59:38","modified_gmt":"2024-05-29T08:59:38","slug":"imprint","status":"publish","type":"page","link":"https:\/\/biocoach.health\/en\/imprint\/","title":{"rendered":"Imprint"},"content":{"rendered":"<p>[et_pb_section fb_built=&#8221;1&#8243; _builder_version=&#8221;4.24.0&#8243; background_color=&#8221;#85E6C5&#8243; background_image=&#8221;https:\/\/biocoach.health\/wp-content\/uploads\/2024\/01\/biocoach-bg-trans-4.png&#8221; custom_padding=&#8221;67px|0px|67.1875px|0px|false|false&#8221; animation_style=&#8221;zoom&#8221; animation_intensity_zoom=&#8221;4%&#8221; global_colors_info=&#8221;{}&#8221;][et_pb_row _builder_version=&#8221;4.16&#8243; background_size=&#8221;initial&#8221; background_position=&#8221;top_left&#8221; background_repeat=&#8221;repeat&#8221; custom_padding=&#8221;|||&#8221; animation_style=&#8221;slide&#8221; animation_direction=&#8221;top&#8221; animation_intensity_slide=&#8221;3%&#8221; global_colors_info=&#8221;{}&#8221;][et_pb_column type=&#8221;4_4&#8243; _builder_version=&#8221;4.16&#8243; custom_padding=&#8221;|||&#8221; global_colors_info=&#8221;{}&#8221; custom_padding__hover=&#8221;|||&#8221;][et_pb_text _builder_version=&#8221;4.16&#8243; text_font=&#8221;||||||||&#8221; header_font=&#8221;Montserrat|700||on|||||dotted&#8221; header_text_color=&#8221;#353740&#8243; header_font_size=&#8221;60px&#8221; header_line_height=&#8221;1.3em&#8221; background_size=&#8221;initial&#8221; background_position=&#8221;top_left&#8221; background_repeat=&#8221;repeat&#8221; custom_margin=&#8221;|||&#8221; animation_style=&#8221;fade&#8221; header_font_size_last_edited=&#8221;off|desktop&#8221; locked=&#8221;off&#8221; global_colors_info=&#8221;{}&#8221;]<\/p>\n<h1>IMPRINT<\/h1>\n<p>[\/et_pb_text][et_pb_divider show_divider=&#8221;off&#8221; disabled_on=&#8221;on|on|off&#8221; _builder_version=&#8221;4.16&#8243; max_width=&#8221;120px&#8221; animation_style=&#8221;slide&#8221; animation_direction=&#8221;top&#8221; animation_intensity_slide=&#8221;30%&#8221; global_colors_info=&#8221;{}&#8221;][\/et_pb_divider][\/et_pb_column][\/et_pb_row][\/et_pb_section][et_pb_section fb_built=&#8221;1&#8243; admin_label=&#8221;Contact Section&#8221; _builder_version=&#8221;4.16&#8243; custom_padding=&#8221;110px||110px|&#8221; global_colors_info=&#8221;{}&#8221;][et_pb_row column_structure=&#8221;1_3,1_3,1_3&#8243; admin_label=&#8221;Contact Area&#8221; _builder_version=&#8221;4.16&#8243; custom_margin=&#8221;|auto|3px|auto||&#8221; animation_style=&#8221;zoom&#8221; animation_intensity_zoom=&#8221;20%&#8221; global_colors_info=&#8221;{}&#8221;][et_pb_column type=&#8221;1_3&#8243; _builder_version=&#8221;4.16&#8243; custom_padding=&#8221;|||&#8221; global_colors_info=&#8221;{}&#8221; custom_padding__hover=&#8221;|||&#8221;][et_pb_text _builder_version=&#8221;4.24.0&#8243; text_font=&#8221;Montserrat||||&#8221; text_text_color=&#8221;#747d88&#8243; text_font_size=&#8221;16px&#8221; text_line_height=&#8221;1.8em&#8221; link_font=&#8221;||||on|||RGBA(255,255,255,0)|double&#8221; link_text_color=&#8221;#353740&#8243; header_font=&#8221;Montserrat||||&#8221; header_4_font=&#8221;Montserrat|700|||||||&#8221; header_4_text_color=&#8221;#353740&#8243; header_4_font_size=&#8221;22px&#8221; header_4_line_height=&#8221;1.9em&#8221; animation_style=&#8221;zoom&#8221; animation_intensity_zoom=&#8221;20%&#8221; hover_enabled=&#8221;0&#8243; global_colors_info=&#8221;{}&#8221; sticky_enabled=&#8221;0&#8243;]<\/p>\n<p>BIOCOACH<br \/>by <a href=\"https:\/\/nomix.ai\" target=\"_blank\" rel=\"noopener\">NOMIX<\/a><\/p>\n<p>Contact:<br \/><span style=\"color: #808080;\">info@biocoach.health<\/span><br \/><a href=\"https:\/\/biocoach.health\/en\/\" target=\"_blank\" rel=\"noopener\">www.biocoach.health<\/a><\/p>\n<p>[\/et_pb_text][\/et_pb_column][et_pb_column type=&#8221;1_3&#8243; _builder_version=&#8221;4.16&#8243; custom_padding=&#8221;|||&#8221; global_colors_info=&#8221;{}&#8221; custom_padding__hover=&#8221;|||&#8221;][et_pb_text _builder_version=&#8221;4.24.0&#8243; _module_preset=&#8221;default&#8221; text_font=&#8221;Montserrat||||&#8221; text_text_color=&#8221;#747d88&#8243; text_font_size=&#8221;16px&#8221; text_line_height=&#8221;1.8em&#8221; link_font=&#8221;||||on|||#fcd21d|double&#8221; link_text_color=&#8221;#353740&#8243; header_font=&#8221;Montserrat||||&#8221; header_4_font=&#8221;Montserrat|700|||||||&#8221; header_4_text_color=&#8221;#353740&#8243; header_4_font_size=&#8221;22px&#8221; header_4_line_height=&#8221;1.9em&#8221; animation_style=&#8221;zoom&#8221; animation_intensity_zoom=&#8221;20%&#8221; global_colors_info=&#8221;{}&#8221;]<\/p>\n<p>Datarella GmbH<br \/>Oskar-von-Miller-Ring 36<br \/>80333 Munich<br \/>CEO: Michael Reuter<\/p>\n<p>Munich HRB 207851<br \/>UID: DE291729812<br \/>Tax ID:143\/127\/90824<\/p>\n<p>[\/et_pb_text][\/et_pb_column][et_pb_column type=&#8221;1_3&#8243; _builder_version=&#8221;4.16&#8243; custom_padding=&#8221;|||&#8221; global_colors_info=&#8221;{}&#8221; custom_padding__hover=&#8221;|||&#8221;][\/et_pb_column][\/et_pb_row][\/et_pb_section][et_pb_section fb_built=&#8221;1&#8243; admin_label=&#8221;Contact Form Section&#8221; _builder_version=&#8221;4.24.0&#8243; background_color=&#8221;#85E6C5&#8243; custom_padding=&#8221;110px||110px|&#8221; animation_style=&#8221;zoom&#8221; animation_direction=&#8221;bottom&#8221; animation_intensity_zoom=&#8221;10%&#8221; saved_tabs=&#8221;all&#8221; global_colors_info=&#8221;{}&#8221;][et_pb_row admin_label=&#8221;Service Section Title&#8221; _builder_version=&#8221;4.16&#8243; custom_margin=&#8221;||40px|&#8221; animation_style=&#8221;fade&#8221; animation_direction=&#8221;top&#8221; locked=&#8221;off&#8221; global_colors_info=&#8221;{}&#8221;][et_pb_column type=&#8221;4_4&#8243; _builder_version=&#8221;4.16&#8243; custom_padding=&#8221;|||&#8221; global_colors_info=&#8221;{}&#8221; custom_padding__hover=&#8221;|||&#8221;][et_pb_text admin_label=&#8221;Title&#8221; _builder_version=&#8221;4.16&#8243; text_font=&#8221;Montserrat||||||||&#8221; text_text_color=&#8221;#747d88&#8243; text_font_size=&#8221;16px&#8221; text_line_height=&#8221;1.9em&#8221; header_font=&#8221;||||||||&#8221; header_2_font=&#8221;Montserrat|700||on|||||&#8221; header_2_font_size=&#8221;42px&#8221; header_2_line_height=&#8221;1.3em&#8221; background_size=&#8221;initial&#8221; background_position=&#8221;top_left&#8221; background_repeat=&#8221;repeat&#8221; text_orientation=&#8221;center&#8221; max_width=&#8221;700px&#8221; module_alignment=&#8221;center&#8221; animation_style=&#8221;slide&#8221; animation_direction=&#8221;bottom&#8221; animation_intensity_slide=&#8221;4%&#8221; global_colors_info=&#8221;{}&#8221;]<\/p>\n<h2><span style=\"color: #fff;\">Get in touch with us!<\/span><\/h2>\n<p>[\/et_pb_text][\/et_pb_column][\/et_pb_row][et_pb_row admin_label=&#8221;Contact Form&#8221; _builder_version=&#8221;4.16&#8243; animation_style=&#8221;fade&#8221; global_colors_info=&#8221;{}&#8221;][et_pb_column type=&#8221;4_4&#8243; _builder_version=&#8221;4.16&#8243; custom_padding=&#8221;|||&#8221; global_colors_info=&#8221;{}&#8221; custom_padding__hover=&#8221;|||&#8221;][et_pb_contact_form captcha=&#8221;off&#8221; email=&#8221;info@biocoach.health&#8221; title=&#8221;My message to BIOCOACH&#8221; custom_message=&#8221;%%Message%%&#8221; success_message=&#8221;Thank you for your message!&#8221; submit_button_text=&#8221;Submit&#8221; module_id=&#8221;et_pb_contact_form_0&#8243; _builder_version=&#8221;4.24.0&#8243; form_field_background_color=&#8221;rgba(255,255,255,0)&#8221; form_field_text_color=&#8221;#353740&#8243; form_field_font=&#8221;Montserrat||||&#8221; form_field_font_size=&#8221;16px&#8221; custom_button=&#8221;on&#8221; button_text_color=&#8221;#ffffff&#8221; button_border_width=&#8221;5px&#8221; button_border_color=&#8221;#ffffff&#8221; button_border_radius=&#8221;100px&#8221; button_letter_spacing=&#8221;2px&#8221; button_font=&#8221;Montserrat|on||on|&#8221; button_icon=&#8221;&#x45;||divi||400&#8243; button_icon_color=&#8221;#ffffff&#8221; max_width=&#8221;800px&#8221; module_alignment=&#8221;center&#8221; animation_style=&#8221;fade&#8221; box_shadow_style=&#8221;preset7&#8243; box_shadow_horizontal=&#8221;0px&#8221; box_shadow_vertical=&#8221;-1px&#8221; box_shadow_color=&#8221;rgba(0,0,0,0.18)&#8221; form_background_color=&#8221;rgba(255,255,255,0)&#8221; global_colors_info=&#8221;{}&#8221;][et_pb_contact_field field_id=&#8221;Name&#8221; field_title=&#8221;Name&#8221; fullwidth_field=&#8221;on&#8221; _builder_version=&#8221;4.24.0&#8243; custom_padding=&#8221;30px||||false|false&#8221; global_colors_info=&#8221;{}&#8221; button_text_size__hover_enabled=&#8221;off&#8221; button_one_text_size__hover_enabled=&#8221;off&#8221; button_two_text_size__hover_enabled=&#8221;off&#8221; button_text_color__hover_enabled=&#8221;off&#8221; button_one_text_color__hover_enabled=&#8221;off&#8221; button_two_text_color__hover_enabled=&#8221;off&#8221; button_border_width__hover_enabled=&#8221;off&#8221; button_one_border_width__hover_enabled=&#8221;off&#8221; button_two_border_width__hover_enabled=&#8221;off&#8221; button_border_color__hover_enabled=&#8221;off&#8221; button_one_border_color__hover_enabled=&#8221;off&#8221; button_two_border_color__hover_enabled=&#8221;off&#8221; button_border_radius__hover_enabled=&#8221;off&#8221; button_one_border_radius__hover_enabled=&#8221;off&#8221; button_two_border_radius__hover_enabled=&#8221;off&#8221; button_letter_spacing__hover_enabled=&#8221;off&#8221; button_one_letter_spacing__hover_enabled=&#8221;off&#8221; button_two_letter_spacing__hover_enabled=&#8221;off&#8221; button_bg_color__hover_enabled=&#8221;off&#8221; button_one_bg_color__hover_enabled=&#8221;off&#8221; button_two_bg_color__hover_enabled=&#8221;off&#8221;][\/et_pb_contact_field][et_pb_contact_field field_id=&#8221;E-Mail&#8221; field_title=&#8221;E-mail address&#8221; field_type=&#8221;email&#8221; fullwidth_field=&#8221;on&#8221; _builder_version=&#8221;4.24.0&#8243; global_colors_info=&#8221;{}&#8221; button_text_size__hover_enabled=&#8221;off&#8221; button_one_text_size__hover_enabled=&#8221;off&#8221; button_two_text_size__hover_enabled=&#8221;off&#8221; button_text_color__hover_enabled=&#8221;off&#8221; button_one_text_color__hover_enabled=&#8221;off&#8221; button_two_text_color__hover_enabled=&#8221;off&#8221; button_border_width__hover_enabled=&#8221;off&#8221; button_one_border_width__hover_enabled=&#8221;off&#8221; button_two_border_width__hover_enabled=&#8221;off&#8221; button_border_color__hover_enabled=&#8221;off&#8221; button_one_border_color__hover_enabled=&#8221;off&#8221; button_two_border_color__hover_enabled=&#8221;off&#8221; button_border_radius__hover_enabled=&#8221;off&#8221; button_one_border_radius__hover_enabled=&#8221;off&#8221; button_two_border_radius__hover_enabled=&#8221;off&#8221; button_letter_spacing__hover_enabled=&#8221;off&#8221; button_one_letter_spacing__hover_enabled=&#8221;off&#8221; button_two_letter_spacing__hover_enabled=&#8221;off&#8221; button_bg_color__hover_enabled=&#8221;off&#8221; button_one_bg_color__hover_enabled=&#8221;off&#8221; button_two_bg_color__hover_enabled=&#8221;off&#8221;][\/et_pb_contact_field][et_pb_contact_field field_id=&#8221;Message&#8221; field_title=&#8221;Message&#8221; field_type=&#8221;text&#8221; fullwidth_field=&#8221;on&#8221; _builder_version=&#8221;4.24.0&#8243; custom_margin=&#8221;||60px|&#8221; custom_padding=&#8221;|||&#8221; global_colors_info=&#8221;{}&#8221; button_text_size__hover_enabled=&#8221;off&#8221; button_one_text_size__hover_enabled=&#8221;off&#8221; button_two_text_size__hover_enabled=&#8221;off&#8221; button_text_color__hover_enabled=&#8221;off&#8221; button_one_text_color__hover_enabled=&#8221;off&#8221; button_two_text_color__hover_enabled=&#8221;off&#8221; button_border_width__hover_enabled=&#8221;off&#8221; button_one_border_width__hover_enabled=&#8221;off&#8221; button_two_border_width__hover_enabled=&#8221;off&#8221; button_border_color__hover_enabled=&#8221;off&#8221; button_one_border_color__hover_enabled=&#8221;off&#8221; button_two_border_color__hover_enabled=&#8221;off&#8221; button_border_radius__hover_enabled=&#8221;off&#8221; button_one_border_radius__hover_enabled=&#8221;off&#8221; button_two_border_radius__hover_enabled=&#8221;off&#8221; button_letter_spacing__hover_enabled=&#8221;off&#8221; button_one_letter_spacing__hover_enabled=&#8221;off&#8221; button_two_letter_spacing__hover_enabled=&#8221;off&#8221; button_bg_color__hover_enabled=&#8221;off&#8221; button_one_bg_color__hover_enabled=&#8221;off&#8221; button_two_bg_color__hover_enabled=&#8221;off&#8221;][\/et_pb_contact_field][\/et_pb_contact_form][\/et_pb_column][\/et_pb_row][\/et_pb_section]<\/p>\n","protected":false},"excerpt":{"rendered":"<p>IMPRINTBIOCOACHby NOMIX Contact:info@biocoach.healthwww.biocoach.healthDatarella GmbHOskar-von-Miller-Ring 3680333 MunichCEO: Michael Reuter Munich HRB 207851UID: DE291729812Tax ID:143\/127\/90824Get in touch with us!<\/p>\n","protected":false},"author":2,"featured_media":0,"parent":0,"menu_order":0,"comment_status":"closed","ping_status":"closed","template":"","meta":{"_et_pb_use_builder":"on","_et_pb_old_content":"","_et_gb_content_width":"","jetpack_post_was_ever_published":false,"footnotes":""},"class_list":["post-1086933","page","type-page","status-publish","hentry"],"yoast_head":"<!-- This site is optimized with the Yoast SEO plugin v26.8 - https:\/\/yoast.com\/product\/yoast-seo-wordpress\/ -->\n<title>Imprint - BIOCOACH Longevity<\/title>\n<meta name=\"robots\" content=\"index, follow, max-snippet:-1, max-image-preview:large, max-video-preview:-1\" \/>\n<link rel=\"canonical\" href=\"https:\/\/biocoach.health\/en\/imprint\/\" \/>\n<meta property=\"og:locale\" content=\"en_US\" \/>\n<meta property=\"og:type\" content=\"article\" \/>\n<meta property=\"og:title\" content=\"Imprint - BIOCOACH Longevity\" \/>\n<meta property=\"og:description\" content=\"IMPRINTBIOCOACHby NOMIX Contact:info@biocoach.healthwww.biocoach.healthDatarella GmbHOskar-von-Miller-Ring 3680333 MunichCEO: Michael Reuter Munich HRB 207851UID: DE291729812Tax ID:143\/127\/90824Get in touch with us!\" \/>\n<meta property=\"og:url\" content=\"https:\/\/biocoach.health\/en\/imprint\/\" \/>\n<meta property=\"og:site_name\" content=\"BIOCOACH Longevity\" \/>\n<meta property=\"article:publisher\" content=\"https:\/\/www.facebook.com\/NOMIXAI\" \/>\n<meta property=\"article:modified_time\" content=\"2024-05-29T08:59:38+00:00\" \/>\n<meta name=\"twitter:card\" content=\"summary_large_image\" \/>\n<meta name=\"twitter:site\" content=\"@biocoachapp\" \/>\n<meta name=\"twitter:label1\" content=\"Est. reading time\" \/>\n\t<meta name=\"twitter:data1\" content=\"6 minutes\" \/>\n<script type=\"application\/ld+json\" class=\"yoast-schema-graph\">{\"@context\":\"https:\/\/schema.org\",\"@graph\":[{\"@type\":\"WebPage\",\"@id\":\"https:\/\/biocoach.health\/en\/imprint\/\",\"url\":\"https:\/\/biocoach.health\/en\/imprint\/\",\"name\":\"Imprint - BIOCOACH Longevity\",\"isPartOf\":{\"@id\":\"https:\/\/biocoach.health\/en\/#website\"},\"datePublished\":\"2024-02-01T15:11:31+00:00\",\"dateModified\":\"2024-05-29T08:59:38+00:00\",\"breadcrumb\":{\"@id\":\"https:\/\/biocoach.health\/en\/imprint\/#breadcrumb\"},\"inLanguage\":\"en-US\",\"potentialAction\":[{\"@type\":\"ReadAction\",\"target\":[\"https:\/\/biocoach.health\/en\/imprint\/\"]}]},{\"@type\":\"BreadcrumbList\",\"@id\":\"https:\/\/biocoach.health\/en\/imprint\/#breadcrumb\",\"itemListElement\":[{\"@type\":\"ListItem\",\"position\":1,\"name\":\"Home\",\"item\":\"https:\/\/biocoach.health\/en\/\"},{\"@type\":\"ListItem\",\"position\":2,\"name\":\"Imprint\"}]},{\"@type\":\"WebSite\",\"@id\":\"https:\/\/biocoach.health\/en\/#website\",\"url\":\"https:\/\/biocoach.health\/en\/\",\"name\":\"BIOCOACH\",\"description\":\"L\u00e4nger. Ges\u00fcnder. Leben.\",\"publisher\":{\"@id\":\"https:\/\/biocoach.health\/en\/#organization\"},\"potentialAction\":[{\"@type\":\"SearchAction\",\"target\":{\"@type\":\"EntryPoint\",\"urlTemplate\":\"https:\/\/biocoach.health\/en\/?s={search_term_string}\"},\"query-input\":{\"@type\":\"PropertyValueSpecification\",\"valueRequired\":true,\"valueName\":\"search_term_string\"}}],\"inLanguage\":\"en-US\"},{\"@type\":\"Organization\",\"@id\":\"https:\/\/biocoach.health\/en\/#organization\",\"name\":\"BIOCOACH\",\"url\":\"https:\/\/biocoach.health\/en\/\",\"logo\":{\"@type\":\"ImageObject\",\"inLanguage\":\"en-US\",\"@id\":\"https:\/\/biocoach.health\/en\/#\/schema\/logo\/image\/\",\"url\":\"https:\/\/i0.wp.com\/biocoach.health\/wp-content\/uploads\/2024\/01\/BIOCOACH-icon-black.png?fit=423%2C423&ssl=1\",\"contentUrl\":\"https:\/\/i0.wp.com\/biocoach.health\/wp-content\/uploads\/2024\/01\/BIOCOACH-icon-black.png?fit=423%2C423&ssl=1\",\"width\":423,\"height\":423,\"caption\":\"BIOCOACH\"},\"image\":{\"@id\":\"https:\/\/biocoach.health\/en\/#\/schema\/logo\/image\/\"},\"sameAs\":[\"https:\/\/www.facebook.com\/NOMIXAI\",\"https:\/\/x.com\/biocoachapp\"]}]}<\/script>\n<!-- \/ Yoast SEO plugin. -->","yoast_head_json":{"title":"Imprint - BIOCOACH Longevity","robots":{"index":"index","follow":"follow","max-snippet":"max-snippet:-1","max-image-preview":"max-image-preview:large","max-video-preview":"max-video-preview:-1"},"canonical":"https:\/\/biocoach.health\/en\/imprint\/","og_locale":"en_US","og_type":"article","og_title":"Imprint - BIOCOACH Longevity","og_description":"IMPRINTBIOCOACHby NOMIX Contact:info@biocoach.healthwww.biocoach.healthDatarella GmbHOskar-von-Miller-Ring 3680333 MunichCEO: Michael Reuter Munich HRB 207851UID: DE291729812Tax ID:143\/127\/90824Get in touch with us!","og_url":"https:\/\/biocoach.health\/en\/imprint\/","og_site_name":"BIOCOACH Longevity","article_publisher":"https:\/\/www.facebook.com\/NOMIXAI","article_modified_time":"2024-05-29T08:59:38+00:00","twitter_card":"summary_large_image","twitter_site":"@biocoachapp","twitter_misc":{"Est. reading time":"6 minutes"},"schema":{"@context":"https:\/\/schema.org","@graph":[{"@type":"WebPage","@id":"https:\/\/biocoach.health\/en\/imprint\/","url":"https:\/\/biocoach.health\/en\/imprint\/","name":"Imprint - BIOCOACH Longevity","isPartOf":{"@id":"https:\/\/biocoach.health\/en\/#website"},"datePublished":"2024-02-01T15:11:31+00:00","dateModified":"2024-05-29T08:59:38+00:00","breadcrumb":{"@id":"https:\/\/biocoach.health\/en\/imprint\/#breadcrumb"},"inLanguage":"en-US","potentialAction":[{"@type":"ReadAction","target":["https:\/\/biocoach.health\/en\/imprint\/"]}]},{"@type":"BreadcrumbList","@id":"https:\/\/biocoach.health\/en\/imprint\/#breadcrumb","itemListElement":[{"@type":"ListItem","position":1,"name":"Home","item":"https:\/\/biocoach.health\/en\/"},{"@type":"ListItem","position":2,"name":"Imprint"}]},{"@type":"WebSite","@id":"https:\/\/biocoach.health\/en\/#website","url":"https:\/\/biocoach.health\/en\/","name":"BIOCOACH","description":"L\u00e4nger. Ges\u00fcnder. Leben.","publisher":{"@id":"https:\/\/biocoach.health\/en\/#organization"},"potentialAction":[{"@type":"SearchAction","target":{"@type":"EntryPoint","urlTemplate":"https:\/\/biocoach.health\/en\/?s={search_term_string}"},"query-input":{"@type":"PropertyValueSpecification","valueRequired":true,"valueName":"search_term_string"}}],"inLanguage":"en-US"},{"@type":"Organization","@id":"https:\/\/biocoach.health\/en\/#organization","name":"BIOCOACH","url":"https:\/\/biocoach.health\/en\/","logo":{"@type":"ImageObject","inLanguage":"en-US","@id":"https:\/\/biocoach.health\/en\/#\/schema\/logo\/image\/","url":"https:\/\/i0.wp.com\/biocoach.health\/wp-content\/uploads\/2024\/01\/BIOCOACH-icon-black.png?fit=423%2C423&ssl=1","contentUrl":"https:\/\/i0.wp.com\/biocoach.health\/wp-content\/uploads\/2024\/01\/BIOCOACH-icon-black.png?fit=423%2C423&ssl=1","width":423,"height":423,"caption":"BIOCOACH"},"image":{"@id":"https:\/\/biocoach.health\/en\/#\/schema\/logo\/image\/"},"sameAs":["https:\/\/www.facebook.com\/NOMIXAI","https:\/\/x.com\/biocoachapp"]}]}},"jetpack-related-posts":[{"id":1087863,"url":"https:\/\/biocoach.health\/bc1-testgruppe\/","url_meta":{"origin":1086933,"position":0},"title":"BC1 Testgruppe","author":"KIra Nezu","date":"August 9, 2024","format":false,"excerpt":"","rel":"","context":"Similar post","block_context":{"text":"Similar post","link":""},"img":{"alt_text":"","src":"","width":0,"height":0},"classes":[]},{"id":1085749,"url":"https:\/\/biocoach.health\/bc1-pilotphase\/","url_meta":{"origin":1086933,"position":1},"title":"BC1 Pilotphase","author":"KIra Nezu","date":"January 29, 2024","format":false,"excerpt":"","rel":"","context":"Similar post","block_context":{"text":"Similar post","link":""},"img":{"alt_text":"","src":"","width":0,"height":0},"classes":[]},{"id":1087853,"url":"https:\/\/biocoach.health\/biocoach-agb\/","url_meta":{"origin":1086933,"position":2},"title":"BIOCOACH AGB","author":"KIra Nezu","date":"August 8, 2024","format":false,"excerpt":"Allgemeine Gesch\u00e4ftsbedingungen Einleitung Die neotes GmbH und die Datarella GmbH bieten gemeinsam mit individuellen Coaches Ihren Kunden im Rahmen des BIOCOACH Programms eine zeitlich befristete Begleitung (Coaching durch BIOCOACHES), die mit der BIOCOACH App durchgef\u00fchrte kontinuierliche Messung und Analyse von Gesundheitsdaten via Wearables (tragbare und feststehende digitale Ger\u00e4te) sowie punktuell\u2026","rel":"","context":"Similar post","block_context":{"text":"Similar post","link":""},"img":{"alt_text":"","src":"","width":0,"height":0},"classes":[]},{"id":1087858,"url":"https:\/\/biocoach.health\/biocoach-datenschutz\/","url_meta":{"origin":1086933,"position":3},"title":"Datenschutz","author":"KIra Nezu","date":"August 8, 2024","format":false,"excerpt":"Der Kunde kann der neotes GmbH und der Datarella GmbH die jeweils erforderlichen personenbezogenen Daten \u00fcbermitteln. Der Kunde kann mittels einer gesonderten Erkl\u00e4rung zur Datenverarbeitung an die neotes GmbH und die Datarella GmbH und zur Daten\u00fcbermittlung an ihren Kooperationspartner die FA. AGE LABS einwilligen. Genauere Informationen dazu erh\u00e4lt der Kunde\u2026","rel":"","context":"Similar post","block_context":{"text":"Similar post","link":""},"img":{"alt_text":"","src":"","width":0,"height":0},"classes":[]}],"jetpack_sharing_enabled":true,"_links":{"self":[{"href":"https:\/\/biocoach.health\/en\/wp-json\/wp\/v2\/pages\/1086933","targetHints":{"allow":["GET"]}}],"collection":[{"href":"https:\/\/biocoach.health\/en\/wp-json\/wp\/v2\/pages"}],"about":[{"href":"https:\/\/biocoach.health\/en\/wp-json\/wp\/v2\/types\/page"}],"author":[{"embeddable":true,"href":"https:\/\/biocoach.health\/en\/wp-json\/wp\/v2\/users\/2"}],"replies":[{"embeddable":true,"href":"https:\/\/biocoach.health\/en\/wp-json\/wp\/v2\/comments?post=1086933"}],"version-history":[{"count":5,"href":"https:\/\/biocoach.health\/en\/wp-json\/wp\/v2\/pages\/1086933\/revisions"}],"predecessor-version":[{"id":1087576,"href":"https:\/\/biocoach.health\/en\/wp-json\/wp\/v2\/pages\/1086933\/revisions\/1087576"}],"wp:attachment":[{"href":"https:\/\/biocoach.health\/en\/wp-json\/wp\/v2\/media?parent=1086933"}],"curies":[{"name":"wp","href":"https:\/\/api.w.org\/{rel}","templated":true}]}}